{"id":38,"date":"2025-11-30T11:54:48","date_gmt":"2025-11-30T11:54:48","guid":{"rendered":"https:\/\/schrand.bitconcepts.de\/?page_id=38"},"modified":"2025-12-14T16:58:04","modified_gmt":"2025-12-14T16:58:04","slug":"referenzen","status":"publish","type":"page","link":"https:\/\/schrand.bitconcepts.de\/?page_id=38","title":{"rendered":"Referenzen"},"content":{"rendered":"\t\t<div data-elementor-type=\"wp-page\" data-elementor-id=\"38\" class=\"elementor elementor-38\" data-elementor-post-type=\"page\">\n\t\t\t\t<div class=\"elementor-element elementor-element-8d03e09 e-flex e-con-boxed e-con e-parent\" data-id=\"8d03e09\" data-element_type=\"container\" data-e-type=\"container\" data-settings=\"{&quot;background_background&quot;:&quot;classic&quot;}\">\n\t\t\t\t\t<div class=\"e-con-inner\">\n\t\t\t\t<div class=\"elementor-element elementor-element-58b2097 elementor-widget elementor-widget-heading\" data-id=\"58b2097\" data-element_type=\"widget\" data-e-type=\"widget\" data-widget_type=\"heading.default\">\n\t\t\t\t\t<h2 class=\"elementor-heading-title elementor-size-default\">UNSERE <br>REFERENZEN<\/h2>\t\t\t\t<\/div>\n\t\t\t\t<div class=\"elementor-element elementor-element-e95659a elementor-widget elementor-widget-heading\" data-id=\"e95659a\" data-element_type=\"widget\" data-e-type=\"widget\" data-widget_type=\"heading.default\">\n\t\t\t\t\t<h2 class=\"elementor-heading-title elementor-size-default\">SPRECHEN F\u00dcR SICH<\/h2>\t\t\t\t<\/div>\n\t\t\t\t\t<\/div>\n\t\t\t\t<\/div>\n\t\t<div class=\"elementor-element elementor-element-482a3e9 e-con-full e-flex e-con e-parent\" data-id=\"482a3e9\" data-element_type=\"container\" data-e-type=\"container\">\n\t\t\t\t<div class=\"elementor-element elementor-element-12629cd elementor-widget elementor-widget-heading\" data-id=\"12629cd\" data-element_type=\"widget\" data-e-type=\"widget\" data-widget_type=\"heading.default\">\n\t\t\t\t\t<h2 class=\"elementor-heading-title elementor-size-default\">ENERGY PLANT<\/h2>\t\t\t\t<\/div>\n\t\t\t\t<div class=\"elementor-element elementor-element-bb94c48 elementor-widget elementor-widget-heading\" data-id=\"bb94c48\" data-element_type=\"widget\" data-e-type=\"widget\" data-widget_type=\"heading.default\">\n\t\t\t\t\t<h2 class=\"elementor-heading-title elementor-size-default\">STANDORT ESSEN<\/h2>\t\t\t\t<\/div>\n\t\t\t\t<div class=\"elementor-element elementor-element-ecd2b42 elementor-widget elementor-widget-spacer\" data-id=\"ecd2b42\" data-element_type=\"widget\" data-e-type=\"widget\" data-widget_type=\"spacer.default\">\n\t\t\t\t\t\t\t<div class=\"elementor-spacer\">\n\t\t\t<div class=\"elementor-spacer-inner\"><\/div>\n\t\t<\/div>\n\t\t\t\t\t\t<\/div>\n\t\t\t\t<div class=\"elementor-element elementor-element-79fb79a elementor-widget__width-initial elementor-widget elementor-widget-text-editor\" data-id=\"79fb79a\" data-element_type=\"widget\" data-e-type=\"widget\" data-widget_type=\"text-editor.default\">\n\t\t\t\t\t\t\t\t\t<p>Der Firmenhauptsitz der Schrandgruppe wird zur vollst\u00e4ndig energieautarken Anlage weiterentwickelt. Eine kompakte, zuverl\u00e4ssige L\u00f6sung sorgt daf\u00fcr, dass die Energieversorgung dauerhaft l\u00e4uft.<\/p>\t\t\t\t\t\t\t\t<\/div>\n\t\t<div class=\"elementor-element elementor-element-9ad7648 e-con-full e-flex e-con e-child\" data-id=\"9ad7648\" data-element_type=\"container\" data-e-type=\"container\">\n\t\t\t\t<div class=\"elementor-element elementor-element-0db715a elementor-widget elementor-widget-spacer\" data-id=\"0db715a\" data-element_type=\"widget\" data-e-type=\"widget\" data-widget_type=\"spacer.default\">\n\t\t\t\t\t\t\t<div class=\"elementor-spacer\">\n\t\t\t<div class=\"elementor-spacer-inner\"><\/div>\n\t\t<\/div>\n\t\t\t\t\t\t<\/div>\n\t\t\t\t<div class=\"elementor-element elementor-element-d3b07b7 elementor-widget elementor-widget-image\" data-id=\"d3b07b7\" data-element_type=\"widget\" data-e-type=\"widget\" data-widget_type=\"image.default\">\n\t\t\t\t\t\t\t\t\t\t\t\t\t\t\t<img fetchpriority=\"high\" decoding=\"async\" width=\"1457\" height=\"909\" src=\"https:\/\/schrand.bitconcepts.de\/wp-content\/uploads\/2025\/11\/Containeransicht.png\" class=\"attachment-full size-full wp-image-86\" alt=\"\" srcset=\"https:\/\/schrand.bitconcepts.de\/wp-content\/uploads\/2025\/11\/Containeransicht.png 1457w, https:\/\/schrand.bitconcepts.de\/wp-content\/uploads\/2025\/11\/Containeransicht-300x187.png 300w, https:\/\/schrand.bitconcepts.de\/wp-content\/uploads\/2025\/11\/Containeransicht-1024x639.png 1024w, https:\/\/schrand.bitconcepts.de\/wp-content\/uploads\/2025\/11\/Containeransicht-768x479.png 768w\" sizes=\"(max-width: 1457px) 100vw, 1457px\" \/>\t\t\t\t\t\t\t\t\t\t\t\t\t\t\t<\/div>\n\t\t\t\t<\/div>\n\t\t\t\t<\/div>\n\t\t<div class=\"elementor-element elementor-element-a19465e e-flex e-con-boxed e-con e-parent\" data-id=\"a19465e\" data-element_type=\"container\" data-e-type=\"container\">\n\t\t\t\t\t<div class=\"e-con-inner\">\n\t\t\t\t<div class=\"elementor-element elementor-element-cd815b4 elementor-widget elementor-widget-heading\" data-id=\"cd815b4\" data-element_type=\"widget\" data-e-type=\"widget\" data-widget_type=\"heading.default\">\n\t\t\t\t\t<h2 class=\"elementor-heading-title elementor-size-default\">PIPELINE- UND<\/h2>\t\t\t\t<\/div>\n\t\t\t\t<div class=\"elementor-element elementor-element-1267fef elementor-widget elementor-widget-heading\" data-id=\"1267fef\" data-element_type=\"widget\" data-e-type=\"widget\" data-widget_type=\"heading.default\">\n\t\t\t\t\t<h2 class=\"elementor-heading-title elementor-size-default\">ANLAGENBAU<\/h2>\t\t\t\t<\/div>\n\t\t\t\t<div class=\"elementor-element elementor-element-e0da3ff elementor-widget elementor-widget-spacer\" data-id=\"e0da3ff\" data-element_type=\"widget\" data-e-type=\"widget\" data-widget_type=\"spacer.default\">\n\t\t\t\t\t\t\t<div class=\"elementor-spacer\">\n\t\t\t<div class=\"elementor-spacer-inner\"><\/div>\n\t\t<\/div>\n\t\t\t\t\t\t<\/div>\n\t\t\t\t<div class=\"elementor-element elementor-element-387f3e5 elementor-widget__width-initial elementor-widget elementor-widget-text-editor\" data-id=\"387f3e5\" data-element_type=\"widget\" data-e-type=\"widget\" data-widget_type=\"text-editor.default\">\n\t\t\t\t\t\t\t\t\t<p>Die Schrandgruppe verf\u00fcgt \u00fcber langj\u00e4hrige Erfahrung im Pipeline- und Anlagebau.<br \/>Diese Kompetenz bildet die starke technische Verbindung zur Schrand GmbH.<\/p>\t\t\t\t\t\t\t\t<\/div>\n\t\t\t\t<div class=\"elementor-element elementor-element-5ae10de elementor-widget elementor-widget-spacer\" data-id=\"5ae10de\" data-element_type=\"widget\" data-e-type=\"widget\" data-widget_type=\"spacer.default\">\n\t\t\t\t\t\t\t<div class=\"elementor-spacer\">\n\t\t\t<div class=\"elementor-spacer-inner\"><\/div>\n\t\t<\/div>\n\t\t\t\t\t\t<\/div>\n\t\t\t\t<div class=\"elementor-element elementor-element-e6a0b24 elementor-skin-slideshow elementor-arrows-yes elementor-widget elementor-widget-media-carousel\" data-id=\"e6a0b24\" data-element_type=\"widget\" data-e-type=\"widget\" data-settings=\"{&quot;skin&quot;:&quot;slideshow&quot;,&quot;effect&quot;:&quot;fade&quot;,&quot;space_between&quot;:{&quot;unit&quot;:&quot;px&quot;,&quot;size&quot;:45,&quot;sizes&quot;:[]},&quot;show_arrows&quot;:&quot;yes&quot;,&quot;speed&quot;:500,&quot;autoplay&quot;:&quot;yes&quot;,&quot;autoplay_speed&quot;:5000,&quot;loop&quot;:&quot;yes&quot;,&quot;pause_on_hover&quot;:&quot;yes&quot;,&quot;pause_on_interaction&quot;:&quot;yes&quot;,&quot;space_between_tablet&quot;:{&quot;unit&quot;:&quot;px&quot;,&quot;size&quot;:10,&quot;sizes&quot;:[]},&quot;space_between_mobile&quot;:{&quot;unit&quot;:&quot;px&quot;,&quot;size&quot;:10,&quot;sizes&quot;:[]}}\" data-widget_type=\"media-carousel.default\">\n\t\t\t\t\t\t\t\t\t\t<div class=\"elementor-main-swiper swiper\" role=\"region\" aria-roledescription=\"carousel\" aria-label=\"Slider\">\n\t\t\t\t<div class=\"swiper-wrapper\">\n\t\t\t\t\t\t\t\t\t\t\t<div class=\"swiper-slide\" role=\"group\" aria-roledescription=\"slide\">\n\t\t\t\t\t\t\t\t\t<div class=\"elementor-carousel-image\" role=\"img\" aria-label=\"250625_jackzproductions_DSC9360\" style=\"background-image: url(&#039;https:\/\/schrand.bitconcepts.de\/wp-content\/uploads\/2025\/11\/250625_jackzproductions_DSC9360.jpg&#039;)\">\n\n\t\t\t\n\t\t\t\t\t<\/div>\n\t\t\t\t\t\t\t\t<\/div>\n\t\t\t\t\t\t\t\t\t\t\t<div class=\"swiper-slide\" role=\"group\" aria-roledescription=\"slide\">\n\t\t\t\t\t\t\t\t\t<div class=\"elementor-carousel-image\" role=\"img\" aria-label=\"Team schrand.energy\" style=\"background-image: url(&#039;https:\/\/schrand.bitconcepts.de\/wp-content\/uploads\/2025\/12\/Team-schrand.energy-1-scaled.jpg&#039;)\">\n\n\t\t\t\n\t\t\t\t\t<\/div>\n\t\t\t\t\t\t\t\t<\/div>\n\t\t\t\t\t\t\t\t\t\t\t<div class=\"swiper-slide\" role=\"group\" aria-roledescription=\"slide\">\n\t\t\t\t\t\t\t\t\t<div class=\"elementor-carousel-image\" role=\"img\" aria-label=\"Projekt_Projektierung\" style=\"background-image: url(&#039;https:\/\/schrand.bitconcepts.de\/wp-content\/uploads\/2025\/12\/Projekt_Projektierung.png&#039;)\">\n\n\t\t\t\n\t\t\t\t\t<\/div>\n\t\t\t\t\t\t\t\t<\/div>\n\t\t\t\t\t\t\t\t\t<\/div>\n\t\t\t\t\t\t\t\t\t\t\t\t\t\t\t<div class=\"elementor-swiper-button elementor-swiper-button-prev\" role=\"button\" tabindex=\"0\" aria-label=\"Voriger\">\n\t\t\t\t\t\t\t<svg aria-hidden=\"true\" class=\"e-font-icon-svg e-eicon-chevron-left\" viewBox=\"0 0 1000 1000\" xmlns=\"http:\/\/www.w3.org\/2000\/svg\"><path d=\"M646 125C629 125 613 133 604 142L308 442C296 454 292 471 292 487 292 504 296 521 308 533L604 854C617 867 629 875 646 875 663 875 679 871 692 858 704 846 713 829 713 812 713 796 708 779 692 767L438 487 692 225C700 217 708 204 708 187 708 171 704 154 692 142 675 129 663 125 646 125Z\"><\/path><\/svg>\t\t\t\t\t\t<\/div>\n\t\t\t\t\t\t<div class=\"elementor-swiper-button elementor-swiper-button-next\" role=\"button\" tabindex=\"0\" aria-label=\"N\u00e4chster\">\n\t\t\t\t\t\t\t<svg aria-hidden=\"true\" class=\"e-font-icon-svg e-eicon-chevron-right\" viewBox=\"0 0 1000 1000\" xmlns=\"http:\/\/www.w3.org\/2000\/svg\"><path d=\"M696 533C708 521 713 504 713 487 713 471 708 454 696 446L400 146C388 133 375 125 354 125 338 125 325 129 313 142 300 154 292 171 292 187 292 204 296 221 308 233L563 492 304 771C292 783 288 800 288 817 288 833 296 850 308 863 321 871 338 875 354 875 371 875 388 867 400 854L696 533Z\"><\/path><\/svg>\t\t\t\t\t\t<\/div>\n\t\t\t\t\t\t\t\t\t\t\t\t\t\t\t\t\t<\/div>\n\t\t\t\t\t\t\t\t\t<div class=\"elementor-main-swiper swiper elementor-thumbnails-swiper swiper\" role=\"region region\" aria-roledescription=\"carousel carousel\" aria-label=\"Slider Slider\">\n\t\t\t\t<div class=\"swiper-wrapper\">\n\t\t\t\t\t\t\t\t\t\t\t<div class=\"swiper-slide\" role=\"group\" aria-roledescription=\"slide\">\n\t\t\t\t\t\t\t\t\t<div class=\"elementor-carousel-image\" role=\"img\" aria-label=\"250625_jackzproductions_DSC9360\" style=\"background-image: url(&#039;https:\/\/schrand.bitconcepts.de\/wp-content\/uploads\/2025\/11\/250625_jackzproductions_DSC9360.jpg&#039;)\">\n\n\t\t\t\n\t\t\t\t\t<\/div>\n\t\t\t\t\t\t\t\t<\/div>\n\t\t\t\t\t\t\t\t\t\t\t<div class=\"swiper-slide\" role=\"group\" aria-roledescription=\"slide\">\n\t\t\t\t\t\t\t\t\t<div class=\"elementor-carousel-image\" role=\"img\" aria-label=\"Team schrand.energy\" style=\"background-image: url(&#039;https:\/\/schrand.bitconcepts.de\/wp-content\/uploads\/2025\/12\/Team-schrand.energy-1-scaled.jpg&#039;)\">\n\n\t\t\t\n\t\t\t\t\t<\/div>\n\t\t\t\t\t\t\t\t<\/div>\n\t\t\t\t\t\t\t\t\t\t\t<div class=\"swiper-slide\" role=\"group\" aria-roledescription=\"slide\">\n\t\t\t\t\t\t\t\t\t<div class=\"elementor-carousel-image\" role=\"img\" aria-label=\"Projekt_Projektierung\" style=\"background-image: url(&#039;https:\/\/schrand.bitconcepts.de\/wp-content\/uploads\/2025\/12\/Projekt_Projektierung.png&#039;)\">\n\n\t\t\t\n\t\t\t\t\t<\/div>\n\t\t\t\t\t\t\t\t<\/div>\n\t\t\t\t\t\t\t\t\t<\/div>\n\t\t\t\t\t\t\t\t\t\t\t\t\t\t\t\t\t\t\t\t\t<\/div>\n\t\t\t\t\t\t\t\t<\/div>\n\t\t\t\t<div class=\"elementor-element elementor-element-92f89d7 elementor-widget elementor-widget-spacer\" data-id=\"92f89d7\" data-element_type=\"widget\" data-e-type=\"widget\" data-widget_type=\"spacer.default\">\n\t\t\t\t\t\t\t<div class=\"elementor-spacer\">\n\t\t\t<div class=\"elementor-spacer-inner\"><\/div>\n\t\t<\/div>\n\t\t\t\t\t\t<\/div>\n\t\t\t\t\t<\/div>\n\t\t\t\t<\/div>\n\t\t<div class=\"elementor-element elementor-element-d785d01 e-con-full e-flex e-con e-parent\" data-id=\"d785d01\" data-element_type=\"container\" data-e-type=\"container\" data-settings=\"{&quot;background_background&quot;:&quot;classic&quot;}\">\n\t\t<div class=\"elementor-element elementor-element-369f662 e-con-full e-flex e-con e-child\" data-id=\"369f662\" data-element_type=\"container\" data-e-type=\"container\" data-settings=\"{&quot;background_background&quot;:&quot;classic&quot;}\">\n\t\t\t\t<\/div>\n\t\t<div class=\"elementor-element elementor-element-91088ae e-con-full e-flex e-con e-child\" data-id=\"91088ae\" data-element_type=\"container\" data-e-type=\"container\" data-settings=\"{&quot;background_background&quot;:&quot;classic&quot;}\">\n\t\t\t\t<div class=\"elementor-element elementor-element-d406eae elementor-widget elementor-widget-heading\" data-id=\"d406eae\" data-element_type=\"widget\" data-e-type=\"widget\" data-widget_type=\"heading.default\">\n\t\t\t\t\t<h2 class=\"elementor-heading-title elementor-size-default\">KOMM IN UNSER TEAM<\/h2>\t\t\t\t<\/div>\n\t\t\t\t<div class=\"elementor-element elementor-element-d8fbab3 elementor-widget elementor-widget-spacer\" data-id=\"d8fbab3\" data-element_type=\"widget\" data-e-type=\"widget\" data-widget_type=\"spacer.default\">\n\t\t\t\t\t\t\t<div class=\"elementor-spacer\">\n\t\t\t<div class=\"elementor-spacer-inner\"><\/div>\n\t\t<\/div>\n\t\t\t\t\t\t<\/div>\n\t\t\t\t<div class=\"elementor-element elementor-element-decceba elementor-widget elementor-widget-heading\" data-id=\"decceba\" data-element_type=\"widget\" data-e-type=\"widget\" data-widget_type=\"heading.default\">\n\t\t\t\t\t<h2 class=\"elementor-heading-title elementor-size-default\"><a href=\"https:\/\/schrand.bitconcepts.de\/?page_id=45\">WORK@SCHRAND<\/a><\/h2>\t\t\t\t<\/div>\n\t\t\t\t<\/div>\n\t\t\t\t<\/div>\n\t\t\t\t<\/div>\n\t\t","protected":false},"excerpt":{"rendered":"<p>UNSERE REFERENZEN SPRECHEN F\u00dcR SICH ENERGY PLANT STANDORT ESSEN Der Firmenhauptsitz der Schrandgruppe wird zur vollst\u00e4ndig energieautarken Anlage weiterentwickelt. Eine kompakte, zuverl\u00e4ssige L\u00f6sung sorgt daf\u00fcr, dass die Energieversorgung dauerhaft l\u00e4uft. PIPELINE- UND ANLAGENBAU Die Schrandgruppe verf\u00fcgt \u00fcber langj\u00e4hrige Erfahrung im Pipeline- und Anlagebau.Diese Kompetenz bildet die starke technische Verbindung zur Schrand GmbH. KOMM IN UNSER [&hellip;]<\/p>\n","protected":false},"author":1,"featured_media":0,"parent":0,"menu_order":0,"comment_status":"closed","ping_status":"closed","template":"","meta":{"footnotes":""},"class_list":["post-38","page","type-page","status-publish","hentry"],"yoast_head":"<!-- This site is optimized with the Yoast SEO plugin v27.4 - https:\/\/yoast.com\/product\/yoast-seo-wordpress\/ -->\n<title>Referenzen - schrand.energy<\/title>\n<meta name=\"robots\" content=\"noindex, follow, max-snippet:-1, max-image-preview:large, max-video-preview:-1\" \/>\n<meta property=\"og:locale\" content=\"de_DE\" \/>\n<meta property=\"og:type\" content=\"article\" \/>\n<meta property=\"og:title\" content=\"Referenzen - schrand.energy\" \/>\n<meta property=\"og:description\" content=\"UNSERE REFERENZEN SPRECHEN F\u00dcR SICH ENERGY PLANT STANDORT ESSEN Der Firmenhauptsitz der Schrandgruppe wird zur vollst\u00e4ndig energieautarken Anlage weiterentwickelt. Eine kompakte, zuverl\u00e4ssige L\u00f6sung sorgt daf\u00fcr, dass die Energieversorgung dauerhaft l\u00e4uft. PIPELINE- UND ANLAGENBAU Die Schrandgruppe verf\u00fcgt \u00fcber langj\u00e4hrige Erfahrung im Pipeline- und Anlagebau.Diese Kompetenz bildet die starke technische Verbindung zur Schrand GmbH. KOMM IN UNSER [&hellip;]\" \/>\n<meta property=\"og:url\" content=\"https:\/\/schrand.bitconcepts.de\/?page_id=38\" \/>\n<meta property=\"og:site_name\" content=\"schrand.energy\" \/>\n<meta property=\"article:modified_time\" content=\"2025-12-14T16:58:04+00:00\" \/>\n<meta property=\"og:image\" content=\"https:\/\/schrand.bitconcepts.de\/wp-content\/uploads\/2025\/11\/Containeransicht.png\" \/>\n\t<meta property=\"og:image:width\" content=\"1457\" \/>\n\t<meta property=\"og:image:height\" content=\"909\" \/>\n\t<meta property=\"og:image:type\" content=\"image\/png\" \/>\n<meta name=\"twitter:card\" content=\"summary_large_image\" \/>\n<meta name=\"twitter:label1\" content=\"Gesch\u00e4tzte Lesezeit\" \/>\n\t<meta name=\"twitter:data1\" content=\"1\u00a0Minute\" \/>\n<script type=\"application\/ld+json\" class=\"yoast-schema-graph\">{\"@context\":\"https:\\\/\\\/schema.org\",\"@graph\":[{\"@type\":\"WebPage\",\"@id\":\"https:\\\/\\\/schrand.bitconcepts.de\\\/?page_id=38\",\"url\":\"https:\\\/\\\/schrand.bitconcepts.de\\\/?page_id=38\",\"name\":\"Referenzen - schrand.energy\",\"isPartOf\":{\"@id\":\"https:\\\/\\\/schrand.bitconcepts.de\\\/#website\"},\"primaryImageOfPage\":{\"@id\":\"https:\\\/\\\/schrand.bitconcepts.de\\\/?page_id=38#primaryimage\"},\"image\":{\"@id\":\"https:\\\/\\\/schrand.bitconcepts.de\\\/?page_id=38#primaryimage\"},\"thumbnailUrl\":\"https:\\\/\\\/schrand.bitconcepts.de\\\/wp-content\\\/uploads\\\/2025\\\/11\\\/Containeransicht.png\",\"datePublished\":\"2025-11-30T11:54:48+00:00\",\"dateModified\":\"2025-12-14T16:58:04+00:00\",\"breadcrumb\":{\"@id\":\"https:\\\/\\\/schrand.bitconcepts.de\\\/?page_id=38#breadcrumb\"},\"inLanguage\":\"de\",\"potentialAction\":[{\"@type\":\"ReadAction\",\"target\":[\"https:\\\/\\\/schrand.bitconcepts.de\\\/?page_id=38\"]}]},{\"@type\":\"ImageObject\",\"inLanguage\":\"de\",\"@id\":\"https:\\\/\\\/schrand.bitconcepts.de\\\/?page_id=38#primaryimage\",\"url\":\"https:\\\/\\\/schrand.bitconcepts.de\\\/wp-content\\\/uploads\\\/2025\\\/11\\\/Containeransicht.png\",\"contentUrl\":\"https:\\\/\\\/schrand.bitconcepts.de\\\/wp-content\\\/uploads\\\/2025\\\/11\\\/Containeransicht.png\",\"width\":1457,\"height\":909},{\"@type\":\"BreadcrumbList\",\"@id\":\"https:\\\/\\\/schrand.bitconcepts.de\\\/?page_id=38#breadcrumb\",\"itemListElement\":[{\"@type\":\"ListItem\",\"position\":1,\"name\":\"Startseite\",\"item\":\"https:\\\/\\\/schrand.bitconcepts.de\\\/\"},{\"@type\":\"ListItem\",\"position\":2,\"name\":\"Referenzen\"}]},{\"@type\":\"WebSite\",\"@id\":\"https:\\\/\\\/schrand.bitconcepts.de\\\/#website\",\"url\":\"https:\\\/\\\/schrand.bitconcepts.de\\\/\",\"name\":\"schrand.energy\",\"description\":\"\",\"publisher\":{\"@id\":\"https:\\\/\\\/schrand.bitconcepts.de\\\/#organization\"},\"potentialAction\":[{\"@type\":\"SearchAction\",\"target\":{\"@type\":\"EntryPoint\",\"urlTemplate\":\"https:\\\/\\\/schrand.bitconcepts.de\\\/?s={search_term_string}\"},\"query-input\":{\"@type\":\"PropertyValueSpecification\",\"valueRequired\":true,\"valueName\":\"search_term_string\"}}],\"inLanguage\":\"de\"},{\"@type\":\"Organization\",\"@id\":\"https:\\\/\\\/schrand.bitconcepts.de\\\/#organization\",\"name\":\"schrand.energy\",\"url\":\"https:\\\/\\\/schrand.bitconcepts.de\\\/\",\"logo\":{\"@type\":\"ImageObject\",\"inLanguage\":\"de\",\"@id\":\"https:\\\/\\\/schrand.bitconcepts.de\\\/#\\\/schema\\\/logo\\\/image\\\/\",\"url\":\"https:\\\/\\\/schrand.bitconcepts.de\\\/wp-content\\\/uploads\\\/2025\\\/11\\\/schrand.energy_Logo_CMYK_pos.png\",\"contentUrl\":\"https:\\\/\\\/schrand.bitconcepts.de\\\/wp-content\\\/uploads\\\/2025\\\/11\\\/schrand.energy_Logo_CMYK_pos.png\",\"width\":539,\"height\":113,\"caption\":\"schrand.energy\"},\"image\":{\"@id\":\"https:\\\/\\\/schrand.bitconcepts.de\\\/#\\\/schema\\\/logo\\\/image\\\/\"}}]}<\/script>\n<!-- \/ Yoast SEO plugin. -->","yoast_head_json":{"title":"Referenzen - schrand.energy","robots":{"index":"noindex","follow":"follow","max-snippet":"max-snippet:-1","max-image-preview":"max-image-preview:large","max-video-preview":"max-video-preview:-1"},"og_locale":"de_DE","og_type":"article","og_title":"Referenzen - schrand.energy","og_description":"UNSERE REFERENZEN SPRECHEN F\u00dcR SICH ENERGY PLANT STANDORT ESSEN Der Firmenhauptsitz der Schrandgruppe wird zur vollst\u00e4ndig energieautarken Anlage weiterentwickelt. Eine kompakte, zuverl\u00e4ssige L\u00f6sung sorgt daf\u00fcr, dass die Energieversorgung dauerhaft l\u00e4uft. PIPELINE- UND ANLAGENBAU Die Schrandgruppe verf\u00fcgt \u00fcber langj\u00e4hrige Erfahrung im Pipeline- und Anlagebau.Diese Kompetenz bildet die starke technische Verbindung zur Schrand GmbH. KOMM IN UNSER [&hellip;]","og_url":"https:\/\/schrand.bitconcepts.de\/?page_id=38","og_site_name":"schrand.energy","article_modified_time":"2025-12-14T16:58:04+00:00","og_image":[{"width":1457,"height":909,"url":"https:\/\/schrand.bitconcepts.de\/wp-content\/uploads\/2025\/11\/Containeransicht.png","type":"image\/png"}],"twitter_card":"summary_large_image","twitter_misc":{"Gesch\u00e4tzte Lesezeit":"1\u00a0Minute"},"schema":{"@context":"https:\/\/schema.org","@graph":[{"@type":"WebPage","@id":"https:\/\/schrand.bitconcepts.de\/?page_id=38","url":"https:\/\/schrand.bitconcepts.de\/?page_id=38","name":"Referenzen - schrand.energy","isPartOf":{"@id":"https:\/\/schrand.bitconcepts.de\/#website"},"primaryImageOfPage":{"@id":"https:\/\/schrand.bitconcepts.de\/?page_id=38#primaryimage"},"image":{"@id":"https:\/\/schrand.bitconcepts.de\/?page_id=38#primaryimage"},"thumbnailUrl":"https:\/\/schrand.bitconcepts.de\/wp-content\/uploads\/2025\/11\/Containeransicht.png","datePublished":"2025-11-30T11:54:48+00:00","dateModified":"2025-12-14T16:58:04+00:00","breadcrumb":{"@id":"https:\/\/schrand.bitconcepts.de\/?page_id=38#breadcrumb"},"inLanguage":"de","potentialAction":[{"@type":"ReadAction","target":["https:\/\/schrand.bitconcepts.de\/?page_id=38"]}]},{"@type":"ImageObject","inLanguage":"de","@id":"https:\/\/schrand.bitconcepts.de\/?page_id=38#primaryimage","url":"https:\/\/schrand.bitconcepts.de\/wp-content\/uploads\/2025\/11\/Containeransicht.png","contentUrl":"https:\/\/schrand.bitconcepts.de\/wp-content\/uploads\/2025\/11\/Containeransicht.png","width":1457,"height":909},{"@type":"BreadcrumbList","@id":"https:\/\/schrand.bitconcepts.de\/?page_id=38#breadcrumb","itemListElement":[{"@type":"ListItem","position":1,"name":"Startseite","item":"https:\/\/schrand.bitconcepts.de\/"},{"@type":"ListItem","position":2,"name":"Referenzen"}]},{"@type":"WebSite","@id":"https:\/\/schrand.bitconcepts.de\/#website","url":"https:\/\/schrand.bitconcepts.de\/","name":"schrand.energy","description":"","publisher":{"@id":"https:\/\/schrand.bitconcepts.de\/#organization"},"potentialAction":[{"@type":"SearchAction","target":{"@type":"EntryPoint","urlTemplate":"https:\/\/schrand.bitconcepts.de\/?s={search_term_string}"},"query-input":{"@type":"PropertyValueSpecification","valueRequired":true,"valueName":"search_term_string"}}],"inLanguage":"de"},{"@type":"Organization","@id":"https:\/\/schrand.bitconcepts.de\/#organization","name":"schrand.energy","url":"https:\/\/schrand.bitconcepts.de\/","logo":{"@type":"ImageObject","inLanguage":"de","@id":"https:\/\/schrand.bitconcepts.de\/#\/schema\/logo\/image\/","url":"https:\/\/schrand.bitconcepts.de\/wp-content\/uploads\/2025\/11\/schrand.energy_Logo_CMYK_pos.png","contentUrl":"https:\/\/schrand.bitconcepts.de\/wp-content\/uploads\/2025\/11\/schrand.energy_Logo_CMYK_pos.png","width":539,"height":113,"caption":"schrand.energy"},"image":{"@id":"https:\/\/schrand.bitconcepts.de\/#\/schema\/logo\/image\/"}}]}},"_links":{"self":[{"href":"https:\/\/schrand.bitconcepts.de\/index.php?rest_route=\/wp\/v2\/pages\/38","targetHints":{"allow":["GET"]}}],"collection":[{"href":"https:\/\/schrand.bitconcepts.de\/index.php?rest_route=\/wp\/v2\/pages"}],"about":[{"href":"https:\/\/schrand.bitconcepts.de\/index.php?rest_route=\/wp\/v2\/types\/page"}],"author":[{"embeddable":true,"href":"https:\/\/schrand.bitconcepts.de\/index.php?rest_route=\/wp\/v2\/users\/1"}],"replies":[{"embeddable":true,"href":"https:\/\/schrand.bitconcepts.de\/index.php?rest_route=%2Fwp%2Fv2%2Fcomments&post=38"}],"version-history":[{"count":37,"href":"https:\/\/schrand.bitconcepts.de\/index.php?rest_route=\/wp\/v2\/pages\/38\/revisions"}],"predecessor-version":[{"id":375,"href":"https:\/\/schrand.bitconcepts.de\/index.php?rest_route=\/wp\/v2\/pages\/38\/revisions\/375"}],"wp:attachment":[{"href":"https:\/\/schrand.bitconcepts.de\/index.php?rest_route=%2Fwp%2Fv2%2Fmedia&parent=38"}],"curies":[{"name":"wp","href":"https:\/\/api.w.org\/{rel}","templated":true}]}}